{"id":17,"date":"2025-01-28T13:00:34","date_gmt":"2025-01-28T13:00:34","guid":{"rendered":"https:\/\/somosdonamarta.cl\/?page_id=17"},"modified":"2025-06-11T01:38:58","modified_gmt":"2025-06-11T01:38:58","slug":"inicio","status":"publish","type":"page","link":"https:\/\/somosdonamarta.cl\/","title":{"rendered":"Inicio"},"content":{"rendered":"<p>[et_pb_section fb_built=\u00bb1&#8243; _builder_version=\u00bb4.27.2&#8243; _module_preset=\u00bbdefault\u00bb use_background_color_gradient=\u00bbon\u00bb background_color_gradient_stops=\u00bb#3f62ac 0%|#48bbb9 100%\u00bb custom_padding=\u00bb10px||23px|||\u00bb global_colors_info=\u00bb{}\u00bb][et_pb_row _builder_version=\u00bb4.27.2&#8243; _module_preset=\u00bbdefault\u00bb custom_margin=\u00bb|auto|-7px|auto||\u00bb global_colors_info=\u00bb{}\u00bb][et_pb_column type=\u00bb4_4&#8243; _builder_version=\u00bb4.27.2&#8243; _module_preset=\u00bbdefault\u00bb global_colors_info=\u00bb{}\u00bb][et_pb_text _builder_version=\u00bb4.27.2&#8243; _module_preset=\u00bbdefault\u00bb text_font=\u00bbAlata||||||||\u00bb text_text_color=\u00bb#FFFFFF\u00bb text_font_size=\u00bb44px\u00bb text_line_height=\u00bb0.1em\u00bb text_orientation=\u00bbcenter\u00bb animation_style=\u00bbzoom\u00bb text_font_size_tablet=\u00bb57px\u00bb text_font_size_phone=\u00bb24px\u00bb text_font_size_last_edited=\u00bbon|phone\u00bb text_text_shadow_style=\u00bbpreset1&#8243; text_text_shadow_vertical_length=\u00bb0.08em\u00bb text_text_shadow_color=\u00bb#000000&#8243; global_colors_info=\u00bb{}\u00bb]<\/p>\n<p>Bienvenido al Portal Digital<\/p>\n<p>Comunidad Do\u00f1a Marta<\/p>\n<p>[\/et_pb_text][\/et_pb_column][\/et_pb_row][\/et_pb_section][et_pb_section fb_built=\u00bb1&#8243; _builder_version=\u00bb4.27.2&#8243; _module_preset=\u00bbdefault\u00bb custom_padding=\u00bb10px||0px|||\u00bb global_colors_info=\u00bb{}\u00bb][et_pb_row column_structure=\u00bb1_2,1_2&#8243; _builder_version=\u00bb4.27.2&#8243; _module_preset=\u00bbdefault\u00bb global_colors_info=\u00bb{}\u00bb][et_pb_column type=\u00bb1_2&#8243; _builder_version=\u00bb4.27.2&#8243; _module_preset=\u00bbdefault\u00bb global_colors_info=\u00bb{}\u00bb][et_pb_text _builder_version=\u00bb4.27.2&#8243; _module_preset=\u00bbdefault\u00bb text_font_size=\u00bb18px\u00bb text_orientation=\u00bbjustified\u00bb global_colors_info=\u00bb{}\u00bb]<\/p>\n<h3><span style=\"color: #000080;\"><strong>Somos Do\u00f1a Marta<\/strong><\/span><br \/><span style=\"color: #000080;\"><strong>Somos la Comunidad Digital Do\u00f1a Marta<\/strong><\/span><\/h3>\n<p><span style=\"color: #000080;\"><strong><\/strong><\/span><\/p>\n<p>Este espacio es el portal de la Comunidad Marta, donde invitamos a participar y a crear lazos de amistad y colaboraci\u00f3n.<\/p>\n<p>Seguridad, Redes Comunitarias, Noticias, Servicios, Bien Com\u00fan, Educaci\u00f3n, Superaci\u00f3n, Capacitaci\u00f3n ser\u00e1n los temas y ac\u00e1 centralizaremos la informaci\u00f3n que genere toda la Comunidad.<\/p>\n<p>Inscr\u00edbete pronto en los Talleres de formaci\u00f3n para administar y generar contenido para este Portal.<br \/>Los talleres ser\u00e1n Presenciales y Virtuales.<\/p>\n<p>[\/et_pb_text][\/et_pb_column][et_pb_column type=\u00bb1_2&#8243; _builder_version=\u00bb4.27.2&#8243; _module_preset=\u00bbdefault\u00bb global_colors_info=\u00bb{}\u00bb][et_pb_text _builder_version=\u00bb4.27.2&#8243; _module_preset=\u00bbdefault\u00bb text_font=\u00bb|600|||||||\u00bb text_text_color=\u00bb#FFFFFF\u00bb text_font_size=\u00bb19px\u00bb background_color=\u00bb#2c2b4f\u00bb text_orientation=\u00bbcenter\u00bb border_radii=\u00bbon|11px|11px|11px|11px\u00bb border_width_all=\u00bb9px\u00bb border_color_all=\u00bb#2c2b4f\u00bb global_colors_info=\u00bb{}\u00bb]<\/p>\n<p>Noticias y Notas de Inter\u00e9s<\/p>\n<p>[\/et_pb_text][et_pb_text _builder_version=\u00bb4.27.2&#8243; _module_preset=\u00bbdefault\u00bb text_font=\u00bb|600|||||||\u00bb text_text_color=\u00bb#FFFFFF\u00bb text_font_size=\u00bb19px\u00bb background_color=\u00bb#E02B20&#8243; text_orientation=\u00bbcenter\u00bb link_option_url=\u00bbhttps:\/\/somosdonamarta.cl\/?page_id=649&#8243; link_option_url_new_window=\u00bbon\u00bb hover_enabled=\u00bb0&#8243; border_radii=\u00bbon|11px|11px|11px|11px\u00bb border_width_all=\u00bb9px\u00bb border_color_all=\u00bb#E02B20&#8243; global_colors_info=\u00bb{}\u00bb theme_builder_area=\u00bbpost_content\u00bb sticky_enabled=\u00bb0&#8243;]<\/p>\n<p>Que hacer ente una Emergencia: Incendios, Sismos<\/p>\n<p>[\/et_pb_text][et_pb_text _builder_version=\u00bb4.27.2&#8243; _module_preset=\u00bbdefault\u00bb text_font=\u00bb|600|||||||\u00bb text_text_color=\u00bb#FFFFFF\u00bb text_font_size=\u00bb19px\u00bb background_color=\u00bb#7CDA24&#8243; text_orientation=\u00bbcenter\u00bb animation_style=\u00bbroll\u00bb link_option_url=\u00bbhttps:\/\/somosdonamarta.cl\/?page_id=632&#8243; link_option_url_new_window=\u00bbon\u00bb border_radii=\u00bbon|11px|11px|11px|11px\u00bb border_width_all=\u00bb9px\u00bb border_color_all=\u00bb#7CDA24&#8243; global_colors_info=\u00bb{}\u00bb]<\/p>\n<p>Taller Marketing para emprendedores<\/p>\n<p>[\/et_pb_text][et_pb_text _builder_version=\u00bb4.27.2&#8243; _module_preset=\u00bbdefault\u00bb text_font=\u00bb|600|||||||\u00bb text_text_color=\u00bb#FFFFFF\u00bb text_font_size=\u00bb19px\u00bb background_color=\u00bb#f22159&#8243; text_orientation=\u00bbcenter\u00bb animation_style=\u00bbroll\u00bb link_option_url=\u00bbhttps:\/\/somosdonamarta.cl\/?page_id=228&#8243; link_option_url_new_window=\u00bbon\u00bb border_radii=\u00bbon|11px|11px|11px|11px\u00bb border_width_all=\u00bb9px\u00bb border_color_all=\u00bb#f22159&#8243; global_colors_info=\u00bb{}\u00bb]<\/p>\n<p>Galer\u00eda Fotos Entrega Escrituras<\/p>\n<p>[\/et_pb_text][et_pb_post_slider include_categories=\u00bb6,5&#8243; use_manual_excerpt=\u00bboff\u00bb excerpt_length=\u00bb200&#8243; _builder_version=\u00bb4.27.2&#8243; _module_preset=\u00bbdefault\u00bb header_font=\u00bb|700|||||||\u00bb width=\u00bb100%\u00bb max_width=\u00bb100%\u00bb module_alignment=\u00bbcenter\u00bb content_width=\u00bb100%\u00bb custom_padding=\u00bb||24px|||\u00bb border_radii=\u00bbon|20px|20px|20px|20px\u00bb box_shadow_style=\u00bbpreset3&#8243; global_colors_info=\u00bb{}\u00bb][\/et_pb_post_slider][\/et_pb_column][\/et_pb_row][\/et_pb_section][et_pb_section fb_built=\u00bb1&#8243; inner_shadow=\u00bbon\u00bb specialty=\u00bbon\u00bb _builder_version=\u00bb4.27.2&#8243; _module_preset=\u00bbdefault\u00bb top_divider_style=\u00bbslant2&#8243; top_divider_color=\u00bb#48bbb9&#8243; global_colors_info=\u00bb{}\u00bb][et_pb_column type=\u00bb2_3&#8243; specialty_columns=\u00bb2&#8243; _builder_version=\u00bb4.16&#8243; custom_padding=\u00bb|||\u00bb global_colors_info=\u00bb{}\u00bb custom_padding__hover=\u00bb|||\u00bb][et_pb_row_inner _builder_version=\u00bb4.27.2&#8243; _module_preset=\u00bbdefault\u00bb global_colors_info=\u00bb{}\u00bb][et_pb_column_inner saved_specialty_column_type=\u00bb2_3&#8243; _builder_version=\u00bb4.27.2&#8243; _module_preset=\u00bbdefault\u00bb global_colors_info=\u00bb{}\u00bb][dsm_typing_effect before_typing_effect=\u00bbSomos Comunidad Do\u00f1a Marta\u00bb typing_effect=\u00bbDesde ac\u00e1 constru\u00edmos nuestros sue\u00f1os\u00bb before_new_line=\u00bbon\u00bb typing_cursor_color=\u00bbRGBA(255,255,255,0)\u00bb typing_background_color=\u00bbRGBA(255,255,255,0)\u00bb _builder_version=\u00bb4.27.2&#8243; _module_preset=\u00bbdefault\u00bb header_font=\u00bb&#8211;et_global_heading_font|700|||||||\u00bb header_text_color=\u00bb#3f62ac\u00bb typing_text_color=\u00bb#df6aa6&#8243; after_text_color=\u00bb#3f62ac\u00bb global_colors_info=\u00bb{}\u00bb][\/dsm_typing_effect][et_pb_text _builder_version=\u00bb4.27.2&#8243; _module_preset=\u00bbdefault\u00bb text_font=\u00bb&#8211;et_global_body_font||||||||\u00bb text_text_color=\u00bb#000000&#8243; text_font_size=\u00bb16px\u00bb text_orientation=\u00bbjustified\u00bb global_colors_info=\u00bb{}\u00bb]<\/p>\n<p>En una ceremonia llena de alegr\u00eda y emoci\u00f3n, recibimos con entusiasmo las llaves de nuestros nuevos hogares en el proyecto habitacional \u201cCordilleras de Do\u00f1a Marta\u201d. Somos 280 familias que durante a\u00f1os vivimos en la poblaci\u00f3n Marta Brunet, en el sector de Bajos de Mena, y hoy finalmente vemos hecho realidad el sue\u00f1o de una vivienda digna.<\/p>\n<p>El Ministro de Vivienda y Urbanismo, Carlos Montes, junto a la Ministra Secretaria General de Gobierno, Camila Vallejo, nos acompa\u00f1aron en esta entrega tan esperada, junto con el alcalde (s), Christian Arzola, y Claudia Ram\u00edrez, en representaci\u00f3n de la Directora de Serviu Metropolitano, Juana Nazal.<\/p>\n<p>Durante la ceremonia, el ministro destac\u00f3 la importancia de este momento como un logro colectivo. \u201cEs un momento de encuentro en que la sociedad le da cuenta a las familias de los pasos que se van dando. Aqu\u00ed, los que permiten que se construya ciudad y conjuntos habitacionales son las familias, la organizaci\u00f3n y la lucha\u201d, expres\u00f3. Adem\u00e1s, resalt\u00f3 la calidad de las nuevas viviendas, que cuentan con aislaci\u00f3n t\u00e9rmica y otras mejoras. Nos invit\u00f3 a sentirnos orgullosos del progreso y de c\u00f3mo, poco a poco, logramos mejores soluciones habitacionales.<\/p>\n<p>Por su parte, la ministra Camila Vallejo reconoci\u00f3 el esfuerzo de muchas de nuestras compa\u00f1eras, que no solo trabajan fuera y dentro de casa, sino que adem\u00e1s lideraron esta lucha por la comunidad. \u201cMe siento especialmente orgullosa de verlas, porque sin ustedes esto no hubiese sido posible\u201d, afirm\u00f3. Sus palabras nos llenaron de emoci\u00f3n, pues sabemos que este proyecto ha sido fruto de a\u00f1os de esfuerzo y perseverancia.<\/p>\n<p>El conjunto \u201cCordilleras de Do\u00f1a Marta\u201d representa una nueva oportunidad para nuestras familias. Venimos de la poblaci\u00f3n Marta Brunet, construida en los a\u00f1os 90 por la empresa COPEVA, donde muchas viviendas sufrieron graves da\u00f1os por las lluvias. Gracias al plan de Regeneraci\u00f3n Urbana del Minvu, esas construcciones fueron demolidas y hoy, por fin, podemos habitar un lugar digno y seguro.<\/p>\n<p>Este es un d\u00eda que quedar\u00e1 en nuestra memoria para siempre. Ahora, con las llaves en la mano, comenzamos una nueva etapa llena de esperanza.<\/p>\n<p>[\/et_pb_text][dsm_image_accordion _builder_version=\u00bb4.27.2&#8243; _module_preset=\u00bbdefault\u00bb global_colors_info=\u00bb{}\u00bb][dsm_image_accordion_child image_accordion_src=\u00bbhttps:\/\/somosdonamarta.cl\/wp-content\/uploads\/2025\/02\/20230203_121838-scaled.jpg\u00bb _builder_version=\u00bb4.27.2&#8243; _module_preset=\u00bbdefault\u00bb global_colors_info=\u00bb{}\u00bb][\/dsm_image_accordion_child][dsm_image_accordion_child image_accordion_src=\u00bbhttps:\/\/somosdonamarta.cl\/wp-content\/uploads\/2025\/02\/fotro-dona-marta2.jpg\u00bb _builder_version=\u00bb4.27.2&#8243; _module_preset=\u00bbdefault\u00bb global_colors_info=\u00bb{}\u00bb][\/dsm_image_accordion_child][dsm_image_accordion_child image_accordion_src=\u00bbhttps:\/\/somosdonamarta.cl\/wp-content\/uploads\/2025\/02\/20230203_113106-scaled.jpg\u00bb _builder_version=\u00bb4.27.2&#8243; _module_preset=\u00bbdefault\u00bb global_colors_info=\u00bb{}\u00bb][\/dsm_image_accordion_child][dsm_image_accordion_child image_accordion_src=\u00bbhttps:\/\/somosdonamarta.cl\/wp-content\/uploads\/2025\/02\/cordilleras-de-dona-marta-3.jpg\u00bb _builder_version=\u00bb4.27.2&#8243; _module_preset=\u00bbdefault\u00bb global_colors_info=\u00bb{}\u00bb][\/dsm_image_accordion_child][dsm_image_accordion_child image_accordion_src=\u00bbhttps:\/\/somosdonamarta.cl\/wp-content\/uploads\/2025\/02\/fotro-dona-marta2-1.jpg\u00bb _builder_version=\u00bb4.27.2&#8243; _module_preset=\u00bbdefault\u00bb global_colors_info=\u00bb{}\u00bb][\/dsm_image_accordion_child][dsm_image_accordion_child image_accordion_src=\u00bbhttps:\/\/somosdonamarta.cl\/wp-content\/uploads\/2025\/02\/20230203_121440-scaled.jpg\u00bb _builder_version=\u00bb4.27.2&#8243; _module_preset=\u00bbdefault\u00bb global_colors_info=\u00bb{}\u00bb][\/dsm_image_accordion_child][\/dsm_image_accordion][\/et_pb_column_inner][\/et_pb_row_inner][et_pb_row_inner _builder_version=\u00bb4.27.2&#8243; _module_preset=\u00bbdefault\u00bb custom_margin=\u00bb39px||||false|false\u00bb custom_padding=\u00bb3px||0px|||\u00bb global_colors_info=\u00bb{}\u00bb][et_pb_column_inner saved_specialty_column_type=\u00bb2_3&#8243; _builder_version=\u00bb4.27.2&#8243; _module_preset=\u00bbdefault\u00bb global_colors_info=\u00bb{}\u00bb][et_pb_divider divider_weight=\u00bb3px\u00bb _builder_version=\u00bb4.27.2&#8243; _module_preset=\u00bbdefault\u00bb global_colors_info=\u00bb{}\u00bb][\/et_pb_divider][\/et_pb_column_inner][\/et_pb_row_inner][et_pb_row_inner _builder_version=\u00bb4.27.2&#8243; _module_preset=\u00bbdefault\u00bb global_colors_info=\u00bb{}\u00bb][et_pb_column_inner saved_specialty_column_type=\u00bb2_3&#8243; _builder_version=\u00bb4.27.2&#8243; _module_preset=\u00bbdefault\u00bb global_colors_info=\u00bb{}\u00bb][et_pb_accordion closed_toggle_text_color=\u00bb#FFFFFF\u00bb _builder_version=\u00bb4.27.2&#8243; _module_preset=\u00bbdefault\u00bb global_colors_info=\u00bb{}\u00bb][et_pb_accordion_item title=\u00bbInformaci\u00f3n y Contactos Servicios Municipales\u00bb open=\u00bbon\u00bb open_toggle_text_color=\u00bb#000000&#8243; closed_toggle_text_color=\u00bb#2c2b4f\u00bb closed_toggle_background_color=\u00bb#f7d9a1&#8243; _builder_version=\u00bb4.27.2&#8243; _module_preset=\u00bbdefault\u00bb global_colors_info=\u00bb{}\u00bb toggle_font=\u00bb|600|||||||\u00bb toggle_font_size=\u00bb20px\u00bb]<\/p>\n<p>La Municipalidad de la Pintana dispone de diversos Servicios destinados a mejorar la calidad de Vida de la Comunidad.<br \/><span style=\"text-decoration: underline;\"><a href=\"https:\/\/soyantumapu.cl\/?page_id=210\">Informate ac\u00e1. Servicios, Direcciones, Horarios<\/a><\/span><\/p>\n<p>[\/et_pb_accordion_item][et_pb_accordion_item title=\u00bbProgramas de apoyo para la Mujer\u00bb open_toggle_text_color=\u00bb#8300E9&#8243; closed_toggle_background_color=\u00bb#df6aa6&#8243; _builder_version=\u00bb4.27.2&#8243; _module_preset=\u00bbdefault\u00bb global_colors_info=\u00bb{}\u00bb toggle_font=\u00bb|600|||||||\u00bb toggle_font_size=\u00bb20px\u00bb open=\u00bboff\u00bb]<\/p>\n<p>La Municipalidad de La Pintana dispone de diversos Programas de apoyo para nosotros las Mujeres: No estamos solas.<\/p>\n<p><span style=\"text-decoration: underline;\"><a href=\"https:\/\/soyantumapu.cl\/?page_id=214\">Conoce ac\u00e1 estos programas<\/a><\/span><\/p>\n<p>[\/et_pb_accordion_item][\/et_pb_accordion][\/et_pb_column_inner][\/et_pb_row_inner][\/et_pb_column][et_pb_column type=\u00bb1_3&#8243; _builder_version=\u00bb4.16&#8243; custom_padding=\u00bb|||\u00bb global_colors_info=\u00bb{}\u00bb custom_padding__hover=\u00bb|||\u00bb][et_pb_accordion _builder_version=\u00bb4.27.2&#8243; _module_preset=\u00bbdefault\u00bb global_colors_info=\u00bb{}\u00bb][et_pb_accordion_item title=\u00bb\u00bfQu\u00e9 es el Reglamento de Copropiedad?\u00bb open=\u00bbon\u00bb open_toggle_text_color=\u00bb#7f1638&#8243; open_toggle_background_color=\u00bb#FFFFFF\u00bb closed_toggle_text_color=\u00bb#000000&#8243; closed_toggle_background_color=\u00bb#48bbb9&#8243; _builder_version=\u00bb4.27.2&#8243; _module_preset=\u00bbdefault\u00bb body_font=\u00bb|600|||||||\u00bb body_text_color=\u00bb#3c066b\u00bb text_orientation=\u00bbleft\u00bb box_shadow_style=\u00bbpreset2&#8243; global_colors_info=\u00bb{}\u00bb toggle_text_color=\u00bb#f90ee2&#8243; toggle_font=\u00bb|600|||||||\u00bb toggle_font_size=\u00bb20px\u00bb closed_toggle_font=\u00bb|600|||||||\u00bb]<\/p>\n<p>Es el principal instrumento de la administraci\u00f3n de un condominio. Su<br \/>objetivo es definir las normas de administraci\u00f3n interna, de acuerdo a<br \/>la Ley de Copropiedad y a las caracter\u00edsticas propias del condominio.<br \/>El Reglamento de Copropiedad deber\u00e1 constar en escritura p\u00fablica y<br \/>estar inscrito en el Registro de Hipotecas y Grav\u00e1menes del Conservador<br \/>de Bienes Ra\u00edces respectivo. Sus normas ser\u00e1n obligatorias para todos<br \/>los habitantes del condominio, ya sean copropietarios, arrendatarios<br \/>o residentes. Los copropietarios pueden modificarlo cuando sea<br \/>necesario, cumpliendo el procedimiento que establece la Ley.<br \/>Las comunidades de condominios que hayan inscrito su Reglamento<br \/>de Copropiedad bajo la Ley N\u00b019.537 deber\u00e1n actualizarlo en un plazo<br \/>de 12 meses, contados desde la publicaci\u00f3n del reglamento de la<br \/>Ley de Copropiedad.<br \/><strong><span style=\"text-decoration: underline;\"><a href=\"https:\/\/soyantumapu.cl\/?p=432\">Ver Reglamento Completo<\/a><\/span><\/strong><\/p>\n<p>[\/et_pb_accordion_item][et_pb_accordion_item title=\u00bbGu\u00eda para una Buena Convivencia\u00bb closed_toggle_text_color=\u00bb#FFFFFF\u00bb closed_toggle_background_color=\u00bb#3f62ac\u00bb _builder_version=\u00bb4.27.2&#8243; _module_preset=\u00bbdefault\u00bb body_font=\u00bb|600|||||||\u00bb global_colors_info=\u00bb{}\u00bb toggle_font=\u00bb|600|||||||\u00bb toggle_font_size=\u00bb21px\u00bb open=\u00bboff\u00bb]<\/p>\n<p>Para que la vida en copropiedad sea m\u00e1s armoniosa, es necesario comprender que las normas del condominio contribuyen a que podamos convivir en un ambiente tranquilo y seguro.<\/p>\n<p><strong><span style=\"text-decoration: underline;\"><a href=\"https:\/\/soyantumapu.cl\/?p=427\">Conoce ac\u00e1 la Gu\u00eda<\/a><\/span><\/strong><\/p>\n<p>[\/et_pb_accordion_item][et_pb_accordion_item title=\u00bb \u00d3rganos e instrumentos  de la administraci\u00f3n en  condominios\u00bb closed_toggle_text_color=\u00bb#FFFFFF\u00bb closed_toggle_background_color=\u00bb#8e1945&#8243; _builder_version=\u00bb4.27.2&#8243; _module_preset=\u00bbdefault\u00bb body_font=\u00bb|600|||||||\u00bb global_colors_info=\u00bb{}\u00bb toggle_font=\u00bb|600|||||||\u00bb toggle_font_size=\u00bb21px\u00bb open=\u00bboff\u00bb]<\/p>\n<p>Conoce m\u00e1s sobre:<br \/><strong>-Asamblea de Copropietarios<\/strong><br \/>Es el principal \u00f3rgano de la administraci\u00f3n donde loscopropietarios toman decisiones y se organizan con respecto al uso, administraci\u00f3n y mantenci\u00f3n de los bienes comunes de la copropiedad.<\/p>\n<p><strong>-Comit\u00e9 de Administraci\u00f3n<\/strong><br \/>Es el \u00f3rgano de la administraci\u00f3n encargado de velar por<br \/>el resguardo y cumplimiento de los acuerdos adoptados<br \/>por la Asamblea de Copropietarios:<\/p>\n<p><strong>-Administrador\/a<\/strong><br \/>Es la persona natural o jur\u00eddica designada por los copropietarios para cumplir y ejecutar las labores de administraci\u00f3n del condominio.<\/p>\n<p><strong><span style=\"text-decoration: underline;\"><a href=\"https:\/\/soyantumapu.cl\/?p=435&amp;et_fb=1&amp;PageSpeed=off\">Ver y Descargar Documento<\/a><\/span><\/strong><\/p>\n<p>[\/et_pb_accordion_item][et_pb_accordion_item title=\u00bbAcuerdos y Resoluci\u00f3n de Conflictos\u00bb closed_toggle_text_color=\u00bb#FFFFFF\u00bb closed_toggle_background_color=\u00bb#ec6e61&#8243; _builder_version=\u00bb4.27.2&#8243; _module_preset=\u00bbdefault\u00bb body_font=\u00bb|600|||||||\u00bb global_colors_info=\u00bb{}\u00bb toggle_font=\u00bb|600|||||||\u00bb toggle_font_size=\u00bb21px\u00bb open=\u00bboff\u00bb]<\/p>\n<p>Conoce m\u00e1s sobre:<br \/><strong><br \/><\/strong>Como lograr Acuerdos y Resolver Conflictos que se producen en tu Comunidad.<\/p>\n<p><strong><span style=\"text-decoration: underline;\"><a href=\"https:\/\/soyantumapu.cl\/?p=435&amp;et_fb=1&amp;PageSpeed=off\"><\/a><\/span><\/strong><\/p>\n<p><strong><span style=\"text-decoration: underline;\"><a href=\"https:\/\/soyantumapu.cl\/?p=451\">Ver y Descargar Documento<\/a><\/span><\/strong><\/p>\n<p>[\/et_pb_accordion_item][et_pb_accordion_item title=\u00bbProyectos para Equipamiento Comunitario\u00bb closed_toggle_text_color=\u00bb#FFFFFF\u00bb closed_toggle_background_color=\u00bb#48bbb9&#8243; _builder_version=\u00bb4.27.2&#8243; _module_preset=\u00bbdefault\u00bb body_font=\u00bb|600|||||||\u00bb global_colors_info=\u00bb{}\u00bb toggle_font=\u00bb|600|||||||\u00bb toggle_font_size=\u00bb21px\u00bb open=\u00bboff\u00bb]<\/p>\n<p>Conoce m\u00e1s sobre:<br \/>El Programa de Mejoramiento de Viviendas y Barrios busca mejorar la calidad de vida de las familias que habitan en \u00e1reas o localidades urbanas de m\u00e1s de 5 mil habitantes.<br \/>Este subsidio busca facilitar la vida en comunidad a trav\u00e9s de obras de alta calidad que permitan solucionar d\u00e9ficits o recuperar lugares de encuentro para las familias. <strong><span style=\"text-decoration: underline;\"><a href=\"https:\/\/soyantumapu.cl\/?p=435&amp;et_fb=1&amp;PageSpeed=off\"><\/a><\/span><\/strong><\/p>\n<p><strong><span style=\"text-decoration: underline;\"><a href=\"https:\/\/soyantumapu.cl\/?p=460\">Ver y Descargar Documento<\/a><\/span><\/strong><\/p>\n<p>[\/et_pb_accordion_item][et_pb_accordion_item title=\u00bbPrograma de Mejoramiento de Viviendas y Barrios\u00bb closed_toggle_text_color=\u00bb#FFFFFF\u00bb closed_toggle_background_color=\u00bb#df6aa6&#8243; _builder_version=\u00bb4.27.2&#8243; _module_preset=\u00bbdefault\u00bb body_font=\u00bb|600|||||||\u00bb global_colors_info=\u00bb{}\u00bb toggle_font=\u00bb|600|||||||\u00bb toggle_font_size=\u00bb21px\u00bb open=\u00bboff\u00bb]<\/p>\n<p>Conoce m\u00e1s sobre:<br \/>El Programa de Mejoramiento de Viviendas y Barrios busca mejorar la calidad de vida de las familias que habitan en \u00e1reas o localidades urbanas de m\u00e1s de 5 mil habitantes.<br \/>Los proyectos a financiar con este subsidio est\u00e1n destinados a reparar y\/o mejorar la calidad de los bienes comunes de condominios de vivienda que presentan deterioro y a apoyar a las comunidades para el adecuado uso y administraci\u00f3n de dichos bienes en el marco de la nueva Ley N\u00b0 21.442 sobre Copropiedad Inmobiliaria<\/p>\n<p><strong><span style=\"text-decoration: underline;\"><a href=\"https:\/\/soyantumapu.cl\/?p=469\">Ver y Descargar Documento<\/a><\/span><\/strong><\/p>\n<p>[\/et_pb_accordion_item][\/et_pb_accordion][\/et_pb_column][\/et_pb_section][et_pb_section fb_built=\u00bb1&#8243; module_id=\u00bbcontacto\u00bb _builder_version=\u00bb4.27.2&#8243; _module_preset=\u00bbdefault\u00bb border_width_top=\u00bb2px\u00bb global_colors_info=\u00bb{}\u00bb][et_pb_row column_structure=\u00bb1_2,1_2&#8243; _builder_version=\u00bb4.27.2&#8243; _module_preset=\u00bbdefault\u00bb custom_padding=\u00bb9px|||||\u00bb global_colors_info=\u00bb{}\u00bb][et_pb_column type=\u00bb1_2&#8243; _builder_version=\u00bb4.27.2&#8243; _module_preset=\u00bbdefault\u00bb global_colors_info=\u00bb{}\u00bb][et_pb_text _builder_version=\u00bb4.27.2&#8243; _module_preset=\u00bbdefault\u00bb text_font=\u00bb&#8211;et_global_heading_font||||||||\u00bb text_text_color=\u00bb#000000&#8243; text_font_size=\u00bb17px\u00bb global_colors_info=\u00bb{}\u00bb]<\/p>\n<p>Participa:<br \/>Si vives en la Comunidad Do\u00f1a Marta, este sitio es tuyo.<br \/>Env\u00edanos tus datos b\u00e1sicos para poder comunicarnos contigo, para poder enviarte informaci\u00f3n relevante de las Actividades que iremos programando: Talleres, Cursos de Emprendimiento Digital y otros<\/p>\n<p>[\/et_pb_text][et_pb_text _builder_version=\u00bb4.27.2&#8243; _module_preset=\u00bbdefault\u00bb text_font=\u00bb||||||||\u00bb text_text_color=\u00bb#000000&#8243; text_font_size=\u00bb17px\u00bb text_orientation=\u00bbjustified\u00bb global_colors_info=\u00bb{}\u00bb]<\/p>\n<p>Servicios:<br \/>Si tienes alg\u00fan servicio o producto que ofrecer, env\u00edanos esa informaci\u00f3n y te ayudaremos a difundirla en la Comunidad.<\/p>\n<p>Estos servicios pueden ser por ejemplo Gasfiter\u00eda, Construccion obras menores, rejas o venta de productos\/servicios caseros como Tortas a pedido o costuras, hechura de cortinas, cuidado de enfermos, clases particulares, cuidado de mascotas. Env\u00edanos esos datos, verificamos tu identidad para darle seriedad al servicio que ofreces y lo publicamos,<\/p>\n<p>[\/et_pb_text][\/et_pb_column][et_pb_column type=\u00bb1_2&#8243; _builder_version=\u00bb4.27.2&#8243; _module_preset=\u00bbdefault\u00bb global_colors_info=\u00bb{}\u00bb][dsm_contact_form_7 cf7_library=\u00bb52&#8243; _builder_version=\u00bb4.27.2&#8243; _module_preset=\u00bbdefault\u00bb labels_font=\u00bb&#8211;et_global_body_font||||||||\u00bb labels_font_size=\u00bb20px\u00bb global_colors_info=\u00bb{}\u00bb][\/dsm_contact_form_7][\/et_pb_column][\/et_pb_row][\/et_pb_section]<\/p>\n","protected":false},"excerpt":{"rendered":"<p>Bienvenido al Portal Digital Comunidad Do\u00f1a MartaSomos Do\u00f1a MartaSomos la Comunidad Digital Do\u00f1a Marta Este espacio es el portal de la Comunidad Marta, donde invitamos a participar y a crear lazos de amistad y colaboraci\u00f3n. Seguridad, Redes Comunitarias, Noticias, Servicios, Bien Com\u00fan, Educaci\u00f3n, Superaci\u00f3n, Capacitaci\u00f3n ser\u00e1n los temas y ac\u00e1 centralizaremos la informaci\u00f3n que genere [&hellip;]<\/p>\n","protected":false},"author":1,"featured_media":0,"parent":0,"menu_order":0,"comment_status":"closed","ping_status":"closed","template":"","meta":{"_et_pb_use_builder":"on","_et_pb_old_content":"<!-- wp:divi\/placeholder \/-->","_et_gb_content_width":"","footnotes":""},"class_list":["post-17","page","type-page","status-publish","hentry"],"_links":{"self":[{"href":"https:\/\/somosdonamarta.cl\/index.php?rest_route=\/wp\/v2\/pages\/17","targetHints":{"allow":["GET"]}}],"collection":[{"href":"https:\/\/somosdonamarta.cl\/index.php?rest_route=\/wp\/v2\/pages"}],"about":[{"href":"https:\/\/somosdonamarta.cl\/index.php?rest_route=\/wp\/v2\/types\/page"}],"author":[{"embeddable":true,"href":"https:\/\/somosdonamarta.cl\/index.php?rest_route=\/wp\/v2\/users\/1"}],"replies":[{"embeddable":true,"href":"https:\/\/somosdonamarta.cl\/index.php?rest_route=%2Fwp%2Fv2%2Fcomments&post=17"}],"version-history":[{"count":25,"href":"https:\/\/somosdonamarta.cl\/index.php?rest_route=\/wp\/v2\/pages\/17\/revisions"}],"predecessor-version":[{"id":657,"href":"https:\/\/somosdonamarta.cl\/index.php?rest_route=\/wp\/v2\/pages\/17\/revisions\/657"}],"wp:attachment":[{"href":"https:\/\/somosdonamarta.cl\/index.php?rest_route=%2Fwp%2Fv2%2Fmedia&parent=17"}],"curies":[{"name":"wp","href":"https:\/\/api.w.org\/{rel}","templated":true}]}}